{"id":4,"date":"2016-10-28T08:04:59","date_gmt":"2016-10-28T08:04:59","guid":{"rendered":"http:\/\/www.hostalsanandres.com\/?page_id=4"},"modified":"2016-12-14T07:18:20","modified_gmt":"2016-12-14T07:18:20","slug":"inicio","status":"publish","type":"page","link":"https:\/\/www.hostalsanandres.com\/en\/","title":{"rendered":"Home"},"content":{"rendered":"[vc_row type=&#8221;full_width_background&#8221; full_screen_row_position=&#8221;middle&#8221; scene_position=&#8221;center&#8221; text_color=&#8221;dark&#8221; text_align=&#8221;left&#8221; class=&#8221;home-row01&#8243; overlay_strength=&#8221;0.3&#8243;][vc_column column_padding=&#8221;no-extra-padding&#8221; column_padding_position=&#8221;all&#8221; background_color_opacity=&#8221;1&#8243; background_hover_color_opacity=&#8221;1&#8243; width=&#8221;1\/1&#8243; tablet_text_alignment=&#8221;default&#8221; phone_text_alignment=&#8221;default&#8221;]<div style=\"height: 750px\" data-midnight=\"nectar-slider\" class=\"parallax_slider_outer \"><div style=\"height: 750px\"  data-transition=\"slide\" data-overall_style=\"classic\" data-flexible-height=\"\" data-animate-in-effect=\"none\" data-fullscreen=\"false\" data-button-sizing=\"regular\" data-button-styling=\"btn_with_count\" data-autorotate=\"5000\" data-parallax=\"true\" data-full-width=\"true\" class=\"nectar-slider-wrap \" id=\"ns-id-69db5758d62bf\">\n\t\t<div style=\"height: 750px\" class=\"swiper-container\"  data-tho=\"auto\" data-tco=\"auto\" data-pho=\"auto\" data-pco=\"auto\" data-loop=\"true\" data-height=\"750\" data-min-height=\"\" data-arrows=\"false\" data-bullets=\"true\" data-bullet_style=\"see_through\" data-desktop-swipe=\"false\" data-settings=\"\">\n\t\t\t<div class=\"swiper-wrapper\"><div class=\"swiper-slide slide-logo\" data-bg-alignment=\"center\" data-color-scheme=\"light\" data-x-pos=\"left\" data-y-pos=\"middle\"> \n\t\t\t\t<div class=\"image-bg\" style=\"background-image: url(https:\/\/www.hostalsanandres.com\/wp-content\/uploads\/2016\/10\/imagen_slider_3.jpg);\"> &nbsp; <\/div><div class=\"container\">\n\t\t\t\t\t<div class=\"content\"><p  ><span><img class=\"imagen-logo\" src=\"\/wp-content\/uploads\/2016\/11\/logo-grande.png\" alt=\"Logo Hostal San Andr\u00e9s\" \/><\/span><\/p><\/div>\n\t\t\t<\/div><!--\/container--><div class=\"video-texture \"> <span class=\"ie-fix\"><\/span> <\/div><\/div><!--\/swiper-slide--><div class=\"swiper-slide slide-logo\" data-bg-alignment=\"center\" data-color-scheme=\"light\" data-x-pos=\"left\" data-y-pos=\"middle\"> \n\t\t\t\t<div class=\"image-bg\" style=\"background-image: url(https:\/\/www.hostalsanandres.com\/wp-content\/uploads\/2016\/11\/slider01.jpg);\"> &nbsp; <\/div><div class=\"video-texture \"> <span class=\"ie-fix\"><\/span> <\/div><\/div><!--\/swiper-slide--><div class=\"swiper-slide slide-logo\" data-bg-alignment=\"center\" data-color-scheme=\"light\" data-x-pos=\"left\" data-y-pos=\"middle\"> \n\t\t\t\t<div class=\"image-bg\" style=\"background-image: url(https:\/\/www.hostalsanandres.com\/wp-content\/uploads\/2016\/11\/camino-slider01.jpg);\"> &nbsp; <\/div><div class=\"video-texture \"> <span class=\"ie-fix\"><\/span> <\/div><\/div><!--\/swiper-slide--><div class=\"swiper-slide slide-logo\" data-bg-alignment=\"center\" data-color-scheme=\"light\" data-x-pos=\"left\" data-y-pos=\"middle\"> \n\t\t\t\t<div class=\"image-bg\" style=\"background-image: url(https:\/\/www.hostalsanandres.com\/wp-content\/uploads\/2016\/10\/imagen_slider_2.jpg);\"> &nbsp; <\/div><div class=\"video-texture \"> <span class=\"ie-fix\"><\/span> <\/div><\/div><!--\/swiper-slide--><div class=\"swiper-slide slide-logo\" data-bg-alignment=\"center\" data-color-scheme=\"light\" data-x-pos=\"left\" data-y-pos=\"middle\"> \n\t\t\t\t<div class=\"image-bg\" style=\"background-image: url(https:\/\/www.hostalsanandres.com\/wp-content\/uploads\/2016\/10\/imagen_slider_4.jpg);\"> &nbsp; <\/div><div class=\"video-texture \"> <span class=\"ie-fix\"><\/span> <\/div><\/div><!--\/swiper-slide--><\/div><div class=\"slider-pagination\"><\/div><div class=\"nectar-slider-loading \"> <span class=\"loading-icon none\">   <\/span> <\/div> <\/div> \n\n\t\t<\/div><\/div>[\/vc_column][\/vc_row][vc_row type=&#8221;full_width_background&#8221; full_screen_row_position=&#8221;middle&#8221; scene_position=&#8221;center&#8221; text_color=&#8221;dark&#8221; text_align=&#8221;left&#8221; top_padding=&#8221;75&#8243; bottom_padding=&#8221;75&#8243; class=&#8221;home-row02 row-full-content&#8221; overlay_strength=&#8221;0.3&#8243;][vc_column column_padding=&#8221;no-extra-padding&#8221; column_padding_position=&#8221;all&#8221; background_color_opacity=&#8221;1&#8243; background_hover_color_opacity=&#8221;1&#8243; width=&#8221;1\/1&#8243; tablet_text_alignment=&#8221;default&#8221; phone_text_alignment=&#8221;default&#8221;][vc_column_text el_class=&#8221;titulo-icono&#8221;]<img decoding=\"async\" loading=\"lazy\" class=\"alignnone size-full wp-image-94\" src=\"http:\/\/www.hostalsanandres.com\/wp-content\/uploads\/2016\/10\/icono-servicios.png\" alt=\"Icono servicios\" width=\"63\" height=\"73\" \/><\/p>\n<h2>Nuestros servicios<\/h2>\n[\/vc_column_text][vc_column_text el_class=&#8221;descripcion&#8221;]Trato familiar. Comida casera. Habitaciones con televis\u00f3n, calefacci\u00f3n y ba\u00f1o independiente. Wifi gratuito en todas las instalaciones[\/vc_column_text][vc_row_inner class=&#8221;row-iconos&#8221; top_padding=&#8221;70&#8243; text_align=&#8221;left&#8221;][vc_column_inner column_padding=&#8221;no-extra-padding&#8221; column_padding_position=&#8221;all&#8221; background_color_opacity=&#8221;1&#8243; width=&#8221;1\/6&#8243;]<div class=\"img-with-aniamtion-wrap center\" data-max-width=\"100%\"><div class=\"inner\"><img data-shadow=\"none\" data-shadow-direction=\"middle\" class=\"img-with-animation \" data-delay=\"0\" height=\"100%\" width=\"100%\" data-animation=\"none\" src=\"https:\/\/www.hostalsanandres.com\/wp-content\/uploads\/2016\/10\/Restaurante.png\" alt=\"Retaurante\" \/><\/div><\/div>[vc_column_text]Restaurante[\/vc_column_text][\/vc_column_inner][vc_column_inner column_padding=&#8221;no-extra-padding&#8221; column_padding_position=&#8221;all&#8221; background_color_opacity=&#8221;1&#8243; width=&#8221;1\/6&#8243;]<div class=\"img-with-aniamtion-wrap center\" data-max-width=\"100%\"><div class=\"inner\"><img data-shadow=\"none\" data-shadow-direction=\"middle\" class=\"img-with-animation \" data-delay=\"0\" height=\"100%\" width=\"100%\" data-animation=\"none\" src=\"https:\/\/www.hostalsanandres.com\/wp-content\/uploads\/2016\/10\/Cafeteria.png\" alt=\"Cafeteria\" \/><\/div><\/div>[vc_column_text]Cafeter\u00eda[\/vc_column_text][\/vc_column_inner][vc_column_inner column_padding=&#8221;no-extra-padding&#8221; column_padding_position=&#8221;all&#8221; background_color_opacity=&#8221;1&#8243; width=&#8221;1\/6&#8243;]<div class=\"img-with-aniamtion-wrap center\" data-max-width=\"100%\"><div class=\"inner\"><img data-shadow=\"none\" data-shadow-direction=\"middle\" class=\"img-with-animation \" data-delay=\"0\" height=\"100%\" width=\"100%\" data-animation=\"none\" src=\"https:\/\/www.hostalsanandres.com\/wp-content\/uploads\/2016\/10\/banos.png\" alt=\"Ba\u00f1os\" \/><\/div><\/div>[vc_column_text]Ba\u00f1os individuales[\/vc_column_text][\/vc_column_inner][vc_column_inner column_padding=&#8221;no-extra-padding&#8221; column_padding_position=&#8221;all&#8221; background_color_opacity=&#8221;1&#8243; width=&#8221;1\/6&#8243;]<div class=\"img-with-aniamtion-wrap center\" data-max-width=\"100%\"><div class=\"inner\"><img data-shadow=\"none\" data-shadow-direction=\"middle\" class=\"img-with-animation \" data-delay=\"0\" height=\"100%\" width=\"100%\" data-animation=\"none\" src=\"https:\/\/www.hostalsanandres.com\/wp-content\/uploads\/2016\/10\/habitaciones.png\" alt=\"Habitaciones\" \/><\/div><\/div>[vc_column_text]Habitaciones de\u00a01, 2 y 3[\/vc_column_text][\/vc_column_inner][vc_column_inner column_padding=&#8221;no-extra-padding&#8221; column_padding_position=&#8221;all&#8221; background_color_opacity=&#8221;1&#8243; width=&#8221;1\/6&#8243;]<div class=\"img-with-aniamtion-wrap center\" data-max-width=\"100%\"><div class=\"inner\"><img data-shadow=\"none\" data-shadow-direction=\"middle\" class=\"img-with-animation \" data-delay=\"0\" height=\"100%\" width=\"100%\" data-animation=\"none\" src=\"https:\/\/www.hostalsanandres.com\/wp-content\/uploads\/2016\/10\/wifi.png\" alt=\"Wifi\" \/><\/div><\/div>[vc_column_text]Wifi gratuito[\/vc_column_text][\/vc_column_inner][vc_column_inner column_padding=&#8221;no-extra-padding&#8221; column_padding_position=&#8221;all&#8221; background_color_opacity=&#8221;1&#8243; width=&#8221;1\/6&#8243;]<div class=\"img-with-aniamtion-wrap center\" data-max-width=\"100%\"><div class=\"inner\"><img data-shadow=\"none\" data-shadow-direction=\"middle\" class=\"img-with-animation \" data-delay=\"0\" height=\"100%\" width=\"100%\" data-animation=\"none\" src=\"https:\/\/www.hostalsanandres.com\/wp-content\/uploads\/2016\/10\/parking.png\" alt=\"Parking\" \/><\/div><\/div>[vc_column_text]Parking iluminado[\/vc_column_text][\/vc_column_inner][\/vc_row_inner][\/vc_column][\/vc_row][vc_row type=&#8221;full_width_background&#8221; full_screen_row_position=&#8221;middle&#8221; equal_height=&#8221;yes&#8221; content_placement=&#8221;middle&#8221; bg_image=&#8221;336&#8243; bg_position=&#8221;left top&#8221; bg_repeat=&#8221;no-repeat&#8221; scene_position=&#8221;center&#8221; text_color=&#8221;dark&#8221; text_align=&#8221;left&#8221; top_padding=&#8221;75&#8243; bottom_padding=&#8221;75&#8243; class=&#8221;home-row03 row-full-content row-testimonial&#8221; overlay_strength=&#8221;0.3&#8243;][vc_column column_padding=&#8221;no-extra-padding&#8221; column_padding_position=&#8221;all&#8221; background_color_opacity=&#8221;1&#8243; background_hover_color_opacity=&#8221;1&#8243; width=&#8221;1\/1&#8243; tablet_text_alignment=&#8221;default&#8221; phone_text_alignment=&#8221;default&#8221;][testimonial_slider style=&#8221;default&#8221; autorotate=&#8221;5000&#8243; disable_height_animation=&#8221;true&#8221;][testimonial image=&#8221;116&#8243; title=&#8221;Testimonial&#8221; id=&#8221;1478083842-1-82&#8243; tab_id=&#8221;1478083885379-7&#8243; name=&#8221;Disfruta de un trato familiar&#8221;] Click the edit button to add your testimonial. [\/testimonial][testimonial image=&#8221;225&#8243; title=&#8221;Testimonial&#8221; id=&#8221;1478083842-2-91&#8243; tab_id=&#8221;1478083885432-7&#8243; name=&#8221;Especialistas en viajes para grupos&#8221;] Click the edit button to add your testimonial. [\/testimonial][\/testimonial_slider][\/vc_column][\/vc_row][vc_row type=&#8221;full_width_background&#8221; full_screen_row_position=&#8221;middle&#8221; scene_position=&#8221;center&#8221; text_color=&#8221;dark&#8221; text_align=&#8221;left&#8221; top_padding=&#8221;15&#8243; bottom_padding=&#8221;30&#8243; class=&#8221;home-row04 row-full-content&#8221; overlay_strength=&#8221;0.3&#8243;][vc_column column_padding=&#8221;no-extra-padding&#8221; column_padding_position=&#8221;all&#8221; background_color_opacity=&#8221;1&#8243; background_hover_color_opacity=&#8221;1&#8243; width=&#8221;1\/1&#8243; tablet_text_alignment=&#8221;default&#8221; phone_text_alignment=&#8221;default&#8221;][vc_column_text el_class=&#8221;titulo-icono&#8221;]<img decoding=\"async\" loading=\"lazy\" class=\"alignnone size-full wp-image-103\" src=\"http:\/\/www.hostalsanandres.com\/wp-content\/uploads\/2016\/10\/icono-localizacion.png\" alt=\"Icono localizaci\u00f3n\" width=\"72\" height=\"72\" srcset=\"https:\/\/www.hostalsanandres.com\/wp-content\/uploads\/2016\/10\/icono-localizacion.png 72w, https:\/\/www.hostalsanandres.com\/wp-content\/uploads\/2016\/10\/icono-localizacion-50x50.png 50w\" sizes=\"(max-width: 72px) 100vw, 72px\" \/><\/p>\n<h2>Location and contact<\/h2>\n[\/vc_column_text][\/vc_column][\/vc_row][vc_row type=&#8221;full_width_content&#8221; full_screen_row_position=&#8221;middle&#8221; equal_height=&#8221;yes&#8221; scene_position=&#8221;center&#8221; text_color=&#8221;dark&#8221; text_align=&#8221;center&#8221; class=&#8221;home-row05 &#8221; overlay_strength=&#8221;0.3&#8243;][vc_column column_padding=&#8221;no-extra-padding&#8221; column_padding_position=&#8221;all&#8221; background_color_opacity=&#8221;1&#8243; background_hover_color_opacity=&#8221;1&#8243; width=&#8221;1\/1&#8243; tablet_text_alignment=&#8221;default&#8221; phone_text_alignment=&#8221;default&#8221;][nectar_gmap zoom=&#8221;15&#8243; marker_image=&#8221;71&#8243; map_markers=&#8221;42.4105453 | -2.6990685 | Hostal San Andr\u00e9s&#8221; size=&#8221;780&#8243; map_center_lat=&#8221;42.4105453&#8243; map_center_lng=&#8221;-2.6990685&#8243;][\/vc_column][\/vc_row][vc_row type=&#8221;full_width_background&#8221; full_screen_row_position=&#8221;middle&#8221; bg_image=&#8221;336&#8243; bg_position=&#8221;left top&#8221; bg_repeat=&#8221;no-repeat&#8221; scene_position=&#8221;center&#8221; text_color=&#8221;dark&#8221; text_align=&#8221;left&#8221; top_padding=&#8221;90&#8243; bottom_padding=&#8221;90&#8243; class=&#8221;home-row06 row-full-content&#8221; overlay_strength=&#8221;0.3&#8243;][vc_column column_padding=&#8221;no-extra-padding&#8221; column_padding_position=&#8221;all&#8221; background_color_opacity=&#8221;1&#8243; background_hover_color_opacity=&#8221;1&#8243; width=&#8221;2\/3&#8243; tablet_text_alignment=&#8221;default&#8221; phone_text_alignment=&#8221;default&#8221;]<div class=\"img-with-aniamtion-wrap center\" data-max-width=\"100%\"><div class=\"inner\"><img data-shadow=\"none\" data-shadow-direction=\"middle\" class=\"img-with-animation imagen-movil\" data-delay=\"0\" height=\"100%\" width=\"100%\" data-animation=\"none\" src=\"https:\/\/www.hostalsanandres.com\/wp-content\/uploads\/2016\/10\/icono-reserva.png\" alt=\"Icono reserva\" \/><\/div><\/div><div class=\"img-with-aniamtion-wrap \" data-max-width=\"100%\"><div class=\"inner\"><img data-shadow=\"none\" data-shadow-direction=\"middle\" class=\"img-with-animation \" data-delay=\"0\" height=\"100%\" width=\"100%\" data-animation=\"none\" src=\"https:\/\/www.hostalsanandres.com\/wp-content\/uploads\/2016\/10\/logobooking.png\" alt=\"Logo Booking.com\" \/><\/div><\/div>[vc_column_text el_class=&#8221;texto-reserva&#8221;]\n<h2>\u00bfC\u00f3mo hacer una reserva?<\/h2>\n<p>Trato familiar. Comida casera. Habitaciones con televis\u00f3n, calefacci\u00f3n y ba\u00f1o independiente. Wifi gratuito en todas las instalaciones[\/vc_column_text][vc_column_text el_class=&#8221;boton-borde&#8221;]<a title=\"Reserva habitaci\u00f3n en Booking.com\" href=\"http:\/\/www.booking.com\/hotel\/es\/san-andres-aleson.es.html\" target=\"_blank\">Reservar<\/a>[\/vc_column_text][\/vc_column][vc_column column_padding=&#8221;no-extra-padding&#8221; column_padding_position=&#8221;all&#8221; background_color_opacity=&#8221;1&#8243; background_hover_color_opacity=&#8221;1&#8243; el_class=&#8221;col-imagen&#8221; width=&#8221;1\/3&#8243; tablet_text_alignment=&#8221;default&#8221; phone_text_alignment=&#8221;default&#8221;]<div class=\"img-with-aniamtion-wrap center\" data-max-width=\"100%\"><div class=\"inner\"><img data-shadow=\"none\" data-shadow-direction=\"middle\" class=\"img-with-animation \" data-delay=\"0\" height=\"100%\" width=\"100%\" data-animation=\"fade-in\" src=\"https:\/\/www.hostalsanandres.com\/wp-content\/uploads\/2016\/10\/icono-reserva.png\" alt=\"Icono reserva\" \/><\/div><\/div>[\/vc_column][\/vc_row]","protected":false},"excerpt":{"rendered":"<p>[vc_row type=&#8221;full_width_background&#8221; full_screen_row_position=&#8221;middle&#8221; scene_position=&#8221;center&#8221; text_color=&#8221;dark&#8221; text_align=&#8221;left&#8221; class=&#8221;home-row01&#8243; overlay_strength=&#8221;0.3&#8243;][vc_column column_padding=&#8221;no-extra-padding&#8221; column_padding_position=&#8221;all&#8221; background_color_opacity=&#8221;1&#8243; background_hover_color_opacity=&#8221;1&#8243; width=&#8221;1\/1&#8243; tablet_text_alignment=&#8221;default&#8221; phone_text_alignment=&#8221;default&#8221;][\/vc_column][\/vc_row][vc_row type=&#8221;full_width_background&#8221; full_screen_row_position=&#8221;middle&#8221; scene_position=&#8221;center&#8221; text_color=&#8221;dark&#8221; text_align=&#8221;left&#8221; top_padding=&#8221;75&#8243; bottom_padding=&#8221;75&#8243; class=&#8221;home-row02 row-full-content&#8221; overlay_strength=&#8221;0.3&#8243;][vc_column column_padding=&#8221;no-extra-padding&#8221; column_padding_position=&#8221;all&#8221; background_color_opacity=&#8221;1&#8243; background_hover_color_opacity=&#8221;1&#8243; width=&#8221;1\/1&#8243;&#8230;<\/p>\n","protected":false},"author":1,"featured_media":0,"parent":0,"menu_order":0,"comment_status":"closed","ping_status":"closed","template":"","meta":[],"_links":{"self":[{"href":"https:\/\/www.hostalsanandres.com\/en\/wp-json\/wp\/v2\/pages\/4"}],"collection":[{"href":"https:\/\/www.hostalsanandres.com\/en\/wp-json\/wp\/v2\/pages"}],"about":[{"href":"https:\/\/www.hostalsanandres.com\/en\/wp-json\/wp\/v2\/types\/page"}],"author":[{"embeddable":true,"href":"https:\/\/www.hostalsanandres.com\/en\/wp-json\/wp\/v2\/users\/1"}],"replies":[{"embeddable":true,"href":"https:\/\/www.hostalsanandres.com\/en\/wp-json\/wp\/v2\/comments?post=4"}],"version-history":[{"count":128,"href":"https:\/\/www.hostalsanandres.com\/en\/wp-json\/wp\/v2\/pages\/4\/revisions"}],"predecessor-version":[{"id":479,"href":"https:\/\/www.hostalsanandres.com\/en\/wp-json\/wp\/v2\/pages\/4\/revisions\/479"}],"wp:attachment":[{"href":"https:\/\/www.hostalsanandres.com\/en\/wp-json\/wp\/v2\/media?parent=4"}],"curies":[{"name":"wp","href":"https:\/\/api.w.org\/{rel}","templated":true}]}}