{"id":431,"date":"2016-11-30T09:44:19","date_gmt":"2016-11-30T09:44:19","guid":{"rendered":"http:\/\/www.hostalsanandres.com\/?page_id=431"},"modified":"2016-11-30T11:01:23","modified_gmt":"2016-11-30T11:01:23","slug":"politica-de-cookies","status":"publish","type":"page","link":"https:\/\/www.hostalsanandres.com\/fr\/politica-d\/","title":{"rendered":"Pol\u00edtica d"},"content":{"rendered":"<p class=\"qtranxs-available-languages-message qtranxs-available-languages-message-fr\">D\u00e9sol\u00e9, cet article est seulement disponible en <a href=\"https:\/\/www.hostalsanandres.com\/es\/wp-json\/wp\/v2\/pages\/431\" class=\"qtranxs-available-language-link qtranxs-available-language-link-es\" title=\"Espa\u00f1ol\">Espagnol Europ\u00e9en<\/a>.<\/p>","protected":false},"excerpt":{"rendered":"<p>D\u00e9sol\u00e9, cet article est seulement disponible en Espagnol Europ\u00e9en.<\/p>\n","protected":false},"author":1,"featured_media":0,"parent":0,"menu_order":0,"comment_status":"closed","ping_status":"closed","template":"","meta":[],"_links":{"self":[{"href":"https:\/\/www.hostalsanandres.com\/fr\/wp-json\/wp\/v2\/pages\/431"}],"collection":[{"href":"https:\/\/www.hostalsanandres.com\/fr\/wp-json\/wp\/v2\/pages"}],"about":[{"href":"https:\/\/www.hostalsanandres.com\/fr\/wp-json\/wp\/v2\/types\/page"}],"author":[{"embeddable":true,"href":"https:\/\/www.hostalsanandres.com\/fr\/wp-json\/wp\/v2\/users\/1"}],"replies":[{"embeddable":true,"href":"https:\/\/www.hostalsanandres.com\/fr\/wp-json\/wp\/v2\/comments?post=431"}],"version-history":[{"count":5,"href":"https:\/\/www.hostalsanandres.com\/fr\/wp-json\/wp\/v2\/pages\/431\/revisions"}],"predecessor-version":[{"id":437,"href":"https:\/\/www.hostalsanandres.com\/fr\/wp-json\/wp\/v2\/pages\/431\/revisions\/437"}],"wp:attachment":[{"href":"https:\/\/www.hostalsanandres.com\/fr\/wp-json\/wp\/v2\/media?parent=431"}],"curies":[{"name":"wp","href":"https:\/\/api.w.org\/{rel}","templated":true}]}}